{"id":98,"date":"2018-05-24T11:19:52","date_gmt":"2018-05-24T11:19:52","guid":{"rendered":"http:\/\/demo.athemes.com\/sydney-temp\/?page_id=4"},"modified":"2025-08-31T13:08:57","modified_gmt":"2025-08-31T11:08:57","slug":"my-front-page","status":"publish","type":"page","link":"https:\/\/refugiopepegarces.com\/","title":{"rendered":"Home"},"content":{"rendered":"<h3>En Candanch\u00fa<\/h3>\n<h3>Pirineo Aragon\u00e9s<\/h3>\n<p>Alojamiento en <strong>Candanch\u00fa<\/strong>, en pleno coraz\u00f3n del Valle del Arag\u00f3n, enclavado entre magn\u00edficas monta\u00f1as, este refugio est\u00e1 ubicado en un lugar privilegiado para la pr\u00e1ctica de cualquier modalidad en deportes de monta\u00f1a, tanto invernal como en verano. Desde el recorrido de senderos llenos de magia e historia hasta rutas de m\u00e1xima dificultad alpina<\/p>\n<h3>Instalaciones<\/h3>\n<ul>\n<li><strong>46 plazas<\/strong><\/li>\n<li><strong>Habitaciones de 4 y 6 camas<\/strong><\/li>\n<li><strong>A pie de pistas de esqu\u00ed<\/strong><\/li>\n<li><strong>Informaci\u00f3n y acogida en ruta: GR 11, HRP, Senda de Camille, Camino de Santiago o cualquier otra actividad en nuestro especial entorno.<\/strong><\/li>\n<\/ul>\n<h3>Refugio Pepe Garc\u00e9s<\/h3>\n<p><a href=\"http:\/\/vimeo.com\/40871750\">Refugio Pepe Garc\u00e9s<\/a> de <a href=\"http:\/\/vimeo.com\/user11406274\">pepe garces<\/a> en <a href=\"http:\/\/vimeo.com\">Vimeo<\/a>.<\/p>\n<p><a href=\"#\"><br \/>\nVer m\u00e1s<br \/>\n<\/a><br \/>\n<a href=\"https:\/\/alberguesyrefugios.com\/pepegarces\/reservar\"><br \/>\nRESERVAR<br \/>\n<\/a><\/p>\n<h3>\u00bfQu\u00e9 te ofrecemos?<\/h3>\n<h3>46 plazas<\/h3>\n<p>Habitaciones de 4 y 6 plazas, con calefacci\u00f3n, agua caliente y ba\u00f1o individual<\/p>\n<h3>Habitaci\u00f3n com\u00fan<\/h3>\n<p>Con TV, juegos, libros y lugar donde descansar, leer, desayunar o cenar<\/p>\n<h3>A pie de pistas<\/h3>\n<p>En la misma entrada de <b>Candanch\u00fa<\/b> y a 5 minutos de las pistas de Ast\u00fan y de las de fondo\/raquetas de <b>Somport<\/b><\/p>\n<h3>Lugar de parada y descanso. Principio y final de etapas.<\/h3>\n<p>GR11 &#8211; HRP (alta ruta pirenaica) &#8211; Senda de Camille &#8211;<br \/>\nCamino de Santiago (GR-65.3)&#8230;<\/p>\n<p><img fetchpriority=\"high\" decoding=\"async\" src=\"http:\/\/refugiopepegarces.com\/wp-content\/uploads\/2019\/06\/imgp1170-1024x768.jpg\" sizes=\"(max-width: 1024px) 100vw, 1024px\" srcset=\"https:\/\/refugiopepegarces.com\/wp-content\/uploads\/2019\/06\/imgp1170-1024x768.jpg 1024w, https:\/\/refugiopepegarces.com\/wp-content\/uploads\/2019\/06\/imgp1170-300x225.jpg 300w, https:\/\/refugiopepegarces.com\/wp-content\/uploads\/2019\/06\/imgp1170-768x576.jpg 768w, https:\/\/refugiopepegarces.com\/wp-content\/uploads\/2019\/06\/imgp1170-830x623.jpg 830w, https:\/\/refugiopepegarces.com\/wp-content\/uploads\/2019\/06\/imgp1170-230x173.jpg 230w, https:\/\/refugiopepegarces.com\/wp-content\/uploads\/2019\/06\/imgp1170-350x263.jpg 350w, https:\/\/refugiopepegarces.com\/wp-content\/uploads\/2019\/06\/imgp1170-480x360.jpg 480w, https:\/\/refugiopepegarces.com\/wp-content\/uploads\/2019\/06\/imgp1170.jpg 1440w\" alt=\"\" width=\"1024\" height=\"768\" \/><\/p>\n<h3>Refugio Pepe Garc\u00e9s<\/h3>\n<p>Acceso Pista Grande,<\/p>\n<p>Ed. Sta. Cristina S\/N<\/p>\n<p>22889 Candanch\u00fa (Aisa)<\/p>\n<p>Huesca<\/p>\n<h3><a href=\"mailto:refugiopepegarces@gmail.com\">Tel\u00e9fono:<\/a><\/h3>\n<p>619 050 412<\/p>\n<p>Email:<\/p>\n<p><a href=\"mailto:refugiopepegarces1@gmail.com\">refugiopepegarces1@gmail.com<\/a><\/p>\n<p><iframe title=\"Calle Unica Ag Candanchu, 17B, 22889 Candanch\u00fa, Huesca\" src=\"https:\/\/maps.google.com\/maps?q=Calle%20Unica%20Ag%20Candanchu%2C%2017B%2C%2022889%20Candanch%C3%BA%2C%20Huesca&amp;t=m&amp;z=12&amp;output=embed&amp;iwloc=near\" aria-label=\"Calle Unica Ag Candanchu, 17B, 22889 Candanch\u00fa, Huesca\"><\/iframe><\/p>\n<h3>Galer\u00eda de im\u00e1genes<\/h3>\n<ul id=\"filters\">\n<li><a href=\"#\" data-filter=\"*\">Mostrar todo<\/a><\/li>\n<li><a href=\"#\" data-filter=\".paisaje\">paisaje<\/a><\/li>\n<li><a href=\"#\" data-filter=\".refugio\">refugio<\/a><\/li>\n<\/ul>\n<h3>Candanch\u00fa<\/h3>\n<p><a href=\"#\"><br \/>\n<img decoding=\"async\" src=\"http:\/\/refugiopepegarces.com\/wp-content\/uploads\/2019\/06\/imgp1170.jpg\" alt=\"imgp1170\" \/><br \/>\n<\/a><\/p>\n<h3>Aspe<\/h3>\n<p><a href=\"#\"><br \/>\n<img decoding=\"async\" src=\"http:\/\/refugiopepegarces.com\/wp-content\/uploads\/2019\/06\/imgp0756.jpg\" alt=\"imgp0756\" \/><br \/>\n<\/a><\/p>\n<h3>Refugio<\/h3>\n<p><a href=\"#\"><br \/>\n<img decoding=\"async\" src=\"http:\/\/refugiopepegarces.com\/wp-content\/uploads\/2019\/06\/dsc_2399.jpg\" alt=\"dsc_2399\" \/><br \/>\n<\/a><\/p>\n<h3>Pirineo Aragon\u00e9s<\/h3>\n<p><a href=\"#\"><br \/>\n<img decoding=\"async\" src=\"http:\/\/refugiopepegarces.com\/wp-content\/uploads\/2019\/06\/imgp0641.jpg\" alt=\"imgp0641\" \/><br \/>\n<\/a><\/p>\n<h3>Entrada<\/h3>\n<p><a href=\"#\"><br \/>\n<img decoding=\"async\" src=\"http:\/\/refugiopepegarces.com\/wp-content\/uploads\/2019\/06\/dsc_2410.jpg\" alt=\"dsc_2410\" \/><br \/>\n<\/a><\/p>\n<h3>Escalada<\/h3>\n<p><a href=\"#\"><br \/>\n<img decoding=\"async\" src=\"http:\/\/refugiopepegarces.com\/wp-content\/uploads\/2019\/06\/dsc_0065.jpg\" alt=\"dsc_0065\" \/><br \/>\n<\/a><\/p>\n<h3>Pirineo Aragon\u00e9s<\/h3>\n<p><a href=\"#\"><br \/>\n<img decoding=\"async\" src=\"http:\/\/refugiopepegarces.com\/wp-content\/uploads\/2019\/06\/imgp0611.jpg\" alt=\"imgp0611\" \/><br \/>\n<\/a><\/p>\n<h3>Pirineo<\/h3>\n<p><a href=\"#\"><br \/>\n<img decoding=\"async\" src=\"http:\/\/refugiopepegarces.com\/wp-content\/uploads\/2019\/06\/imgp0717.jpg\" alt=\"imgp0717\" \/><br \/>\n<\/a><\/p>\n<h3>Pirineo<\/h3>\n<p><a href=\"#\"><br \/>\n<img decoding=\"async\" src=\"http:\/\/refugiopepegarces.com\/wp-content\/uploads\/2019\/06\/dsc_0012.jpg\" alt=\"dsc_0012\" \/><br \/>\n<\/a><\/p>\n<h3>habitaciones<\/h3>\n<p><a href=\"#\"><br \/>\n<img decoding=\"async\" src=\"http:\/\/refugiopepegarces.com\/wp-content\/uploads\/2012\/10\/imgp3163.jpg\" alt=\"imgp3163\" \/><br \/>\n<\/a><\/p>\n<h3>Pirineo Aragon\u00e9s<\/h3>\n<p><a href=\"#\"><br \/>\n<img decoding=\"async\" src=\"http:\/\/refugiopepegarces.com\/wp-content\/uploads\/2019\/06\/imgp2478.jpg\" alt=\"imgp2478\" \/><br \/>\n<\/a><\/p>\n<h3>Camino de Santiago<\/h3>\n<p><a href=\"#\"><br \/>\n<img decoding=\"async\" src=\"http:\/\/refugiopepegarces.com\/wp-content\/uploads\/2019\/06\/camino-santiago.png\" alt=\"camino-santiago\" \/><br \/>\n<\/a><\/p>\n<h3>Habitaciones<\/h3>\n<p><a href=\"#\"><br \/>\n<img decoding=\"async\" src=\"http:\/\/refugiopepegarces.com\/wp-content\/uploads\/2019\/06\/imgp3166.jpg\" alt=\"imgp3166\" \/><br \/>\n<\/a><\/p>\n<h3>Pirineo Aragon\u00e9s<\/h3>\n<p><a href=\"#\"><br \/>\n<img decoding=\"async\" src=\"http:\/\/refugiopepegarces.com\/wp-content\/uploads\/2019\/06\/imgp3313.jpg\" alt=\"imgp3313\" \/><br \/>\n<\/a><\/p>\n<h3>Pirineo Aragon\u00e9s<\/h3>\n<p><a href=\"#\"><br \/>\n<img decoding=\"async\" src=\"http:\/\/refugiopepegarces.com\/wp-content\/uploads\/2019\/06\/IMGP3159.jpg\" alt=\"IMGP3159\" \/><br \/>\n<\/a><\/p>\n<h3>El refugio<\/h3>\n<p>En pleno coraz\u00f3n del Valle del Arag\u00f3n, encavado entre las m\u00e1s bellas monta\u00f1as del Pirineo, este refugio esta ubicado en lugar privilegiado para la practica de cualquier modalidad en deportes de monta\u00f1a, desde el recorrido de senderos llenos de magia e historia hasta rutas de m\u00e1xima dificultad alpina. Menci\u00f3n especial en este valle se merece el enorme inter\u00e9s art\u00edstico de sus maravillosas obras del rom\u00e1nico, as\u00ed como una intensa vida cultural.<\/p>\n<p>A pie de pista de la estaci\u00f3n de Candanch\u00fa y a 5 minutos de Ast\u00fan, el refugio ofrece la posibilidad de salir con esqu\u00eds desde sus puertas, o ser punto de partida de innumerables actividades de monta\u00f1a, as\u00ed como paso obligado del Camino de Santiago y la GR 11.<\/p>\n<p>Le daremos asesoramiento as\u00ed como un inigualable trato familiar.<\/p>\n<p>Servicios: Habitaciones de 4 y 6 con ba\u00f1o individual, calefacci\u00f3n y agua caliente, edredones, comedor, sala comunitaria, wifi, TV, biblioteca, guardaesqu\u00eds, alquiler de material, servicio de gu\u00edas de monta\u00f1a.<\/p>\n<p>Plazas: 48 plazas.<\/p>\n<p>https:\/\/vimeo.com\/40871750https:\/\/vimeo.com\/58089904<\/p>\n","protected":false},"excerpt":{"rendered":"<p>En Candanch\u00fa Pirineo Aragon\u00e9s Alojamiento en Candanch\u00fa, en pleno coraz\u00f3n del Valle del Arag\u00f3n, enclavado entre magn\u00edficas monta\u00f1as, este refugio est\u00e1 ubicado [&hellip;]<\/p>\n","protected":false},"author":1,"featured_media":0,"parent":0,"menu_order":0,"comment_status":"closed","ping_status":"closed","template":"page-templates\/page_front-page.php","meta":{"_acf_changed":false,"_exactmetrics_skip_tracking":false,"_exactmetrics_sitenote_active":false,"_exactmetrics_sitenote_note":"","_exactmetrics_sitenote_category":0,"footnotes":""},"class_list":["post-98","page","type-page","status-publish","hentry"],"acf":[],"jetpack_sharing_enabled":true,"_links":{"self":[{"href":"https:\/\/refugiopepegarces.com\/index.php\/wp-json\/wp\/v2\/pages\/98","targetHints":{"allow":["GET"]}}],"collection":[{"href":"https:\/\/refugiopepegarces.com\/index.php\/wp-json\/wp\/v2\/pages"}],"about":[{"href":"https:\/\/refugiopepegarces.com\/index.php\/wp-json\/wp\/v2\/types\/page"}],"author":[{"embeddable":true,"href":"https:\/\/refugiopepegarces.com\/index.php\/wp-json\/wp\/v2\/users\/1"}],"replies":[{"embeddable":true,"href":"https:\/\/refugiopepegarces.com\/index.php\/wp-json\/wp\/v2\/comments?post=98"}],"version-history":[{"count":141,"href":"https:\/\/refugiopepegarces.com\/index.php\/wp-json\/wp\/v2\/pages\/98\/revisions"}],"predecessor-version":[{"id":620,"href":"https:\/\/refugiopepegarces.com\/index.php\/wp-json\/wp\/v2\/pages\/98\/revisions\/620"}],"wp:attachment":[{"href":"https:\/\/refugiopepegarces.com\/index.php\/wp-json\/wp\/v2\/media?parent=98"}],"curies":[{"name":"wp","href":"https:\/\/api.w.org\/{rel}","templated":true}]}}