{"id":631,"date":"2026-01-09T10:17:41","date_gmt":"2026-01-09T09:17:41","guid":{"rendered":"https:\/\/refugiopepegarces.com\/?page_id=631"},"modified":"2026-01-09T10:24:26","modified_gmt":"2026-01-09T09:24:26","slug":"politica-de-cookies","status":"publish","type":"page","link":"http:\/\/refugiopepegarces.com\/index.php\/politica-de-cookies\/","title":{"rendered":"Pol\u00edtica de Cookies"},"content":{"rendered":"\t\t<div data-elementor-type=\"wp-page\" data-elementor-id=\"631\" class=\"elementor elementor-631\">\n\t\t\t\t\t\t<section class=\"elementor-section elementor-top-section elementor-element elementor-element-f4e8cc3 elementor-section-boxed elementor-section-height-default elementor-section-height-default\" data-id=\"f4e8cc3\" data-element_type=\"section\" data-e-type=\"section\">\n\t\t\t\t\t\t<div class=\"elementor-container elementor-column-gap-default\">\n\t\t\t\t\t<div class=\"elementor-column elementor-col-100 elementor-top-column elementor-element elementor-element-5638d36\" data-id=\"5638d36\" data-element_type=\"column\" data-e-type=\"column\">\n\t\t\t<div class=\"elementor-widget-wrap elementor-element-populated\">\n\t\t\t\t\t\t<div class=\"elementor-element elementor-element-212aaed elementor-widget elementor-widget-text-editor\" data-id=\"212aaed\" data-element_type=\"widget\" data-e-type=\"widget\" data-widget_type=\"text-editor.default\">\n\t\t\t\t<div class=\"elementor-widget-container\">\n\t\t\t\t\t\t\t\t\t<p><b>\u00bfQu\u00e9 son las cookies?\u00a0<\/b><\/p><p><span style=\"font-weight: 400;\">Este sitio web utiliza cookies y\/o tecnolog\u00edas similares que almacenan y recuperan informaci\u00f3n cuando navegas. En general, estas tecnolog\u00edas pueden servir para finalidades muy diversas, como, por ejemplo, reconocerte como usuario, obtener informaci\u00f3n sobre tus h\u00e1bitos de navegaci\u00f3n, o personalizar la forma en que se muestra el contenido. Los usos concretos que hacemos de estas tecnolog\u00edas se describen a continuaci\u00f3n.<\/span><\/p><p><b>\u00bfQu\u00e9 tipos de cookies se utilizan en esta p\u00e1gina web?\u00a0<\/b><\/p><p><b>a) Cookies t\u00e9cnicas:<\/b> <span style=\"font-weight: 400;\">son aquellas que permiten al usuario la navegaci\u00f3n a trav\u00e9s de la p\u00e1gina web, plataforma o aplicaci\u00f3n y la utilizaci\u00f3n de las diferentes opciones o servicios que en ella existen, incluyendo aquellas que se utilizan para permitir la gesti\u00f3n y operativa de la p\u00e1gina web y habilitar sus funciones y servicios, como, por ejemplo, controlar el tr\u00e1fico y la comunicaci\u00f3n de datos, identificar la sesi\u00f3n, acceder a partes de acceso restringido, etc.<\/span><\/p><p><b>b) Cookies de an\u00e1lisis o medici\u00f3n<\/b><span style=\"font-weight: 400;\">: <\/span><span style=\"font-weight: 400;\">son aquellas que, tratadas por nosotros o por terceros, nos permiten cuantificar el n\u00famero de usuarios y as\u00ed realizar la medici\u00f3n y an\u00e1lisis estad\u00edstico de la utilizaci\u00f3n que hacen los usuarios del servicio ofertado. Para ello se analiza su navegaci\u00f3n en nuestra p\u00e1gina web con el fin de mejorar la oferta de productos o servicios que le ofrecemos.<\/span><\/p><p><b>\u00bfQui\u00e9n utiliza las cookies?\u00a0<\/b><\/p><p><b>a) Cookies propias:<\/b> <span style=\"font-weight: 400;\">son aquellas que se env\u00edan al equipo terminal del usuario desde un equipo o dominio gestionado por el propio responsable de la web y desde el que se presta el servicio solicitado por el usuario.<\/span><\/p><p><b>b) Cookies de tercero:<\/b> <span style=\"font-weight: 400;\">son aquellas que se env\u00edan al equipo terminal del usuario desde un equipo o dominio que no es gestionado por el responsable de la web, sino por otra entidad que trata los datos obtenidos trav\u00e9s de las cookies.<\/span><\/p><p><span style=\"font-weight: 400;\">Esta p\u00e1gina web utiliza <\/span><b>Google Analytics<\/b><span style=\"font-weight: 400;\">, un servicio anal\u00edtico de web prestado por Google, Inc., una compa\u00f1\u00eda de Delaware cuya oficina principal est\u00e1 en 1600 Amphitheatre Parkway, Mountain View (California), CA 94043, Estados Unidos (\u201cGoogle\u201d). Google Analytics utiliza \u201ccookies\u201d para ayudar al website a analizar el uso que hacen los usuarios del sitio web. La informaci\u00f3n que genera la cookie acerca de su uso del website (incluyendo su direcci\u00f3n IP) ser\u00e1 directamente transmitida y archivada por Google en los servidores de Estados Unidos. Google usar\u00e1 esta informaci\u00f3n por cuenta nuestra con el prop\u00f3sito de seguir la pista de su uso del website, recopilando informes de la actividad del website y prestando otros servicios relacionados con la actividad del website y el uso de Internet. Google no asociar\u00e1 su direcci\u00f3n IP con ning\u00fan otro dato del que disponga Google.<\/span><\/p><p><span style=\"font-weight: 400;\">Para m\u00e1s informaci\u00f3n consulte:\u00a0<\/span><a href=\"http:\/\/www.google.com\/intl\/es\/policies\/technologies\/cookies\/\"><span style=\"font-weight: 400;\">C\u00f3mo utiliza Google las cookies\u00a0<\/span><\/a><\/p><p><span style=\"font-weight: 400;\">La informaci\u00f3n que recogen los complementos externos de Google en nuestro Sitio Web, incluyendo la direcci\u00f3n IP del usuario, puede ser transmitida a Google y almacenada en sus servidores. Esta informaci\u00f3n es gestionada enteramente por Google. Estas cookies no identifican al usuario personalmente a menos que tenga activa una sesi\u00f3n en Google, quedando en ese caso vinculado con dicha cuenta de Google.<\/span><\/p><p><span style=\"font-weight: 400;\">Para m\u00e1s informaci\u00f3n consulte:<\/span><span style=\"font-weight: 400;\">\u00a0<\/span><a href=\"http:\/\/www.google.com\/intl\/es\/policies\/technologies\/types\/\"><span style=\"font-weight: 400;\">Tipos de cookies que utiliza Google\u00a0<\/span><\/a> <span style=\"font-weight: 400;\">y la Pol\u00edtica de Privacidad de Google:<\/span><span style=\"font-weight: 400;\">\u00a0<\/span><a href=\"https:\/\/www.google.com\/intl\/es_es\/policies\/privacy\"><span style=\"font-weight: 400;\">Pol\u00edtica de privacidad\u00a0<\/span><\/a><\/p><p><b>Cookies utilizadas en este sitio web<\/b><\/p><p><span style=\"font-weight: 400;\">A continuaci\u00f3n se identifican las cookies que est\u00e1n siendo utilizadas en este portal as\u00ed como su tipolog\u00eda y funci\u00f3n:<\/span><\/p><table><thead><tr><th><p><b>NOMBRE<\/b><\/p><\/th><th><p><b>TIPO<\/b><\/p><\/th><th><p><b>PROVEEDOR<\/b><\/p><\/th><th><p><b>FINALIDAD<\/b><\/p><\/th><th><p><b>DURACI\u00d3N<\/b><\/p><\/th><\/tr><\/thead><tbody><tr><td><p><b>_ga<\/b><\/p><\/td><td><p><span style=\"font-weight: 400;\">Anal\u00edtica \u2013 Google Analytics<\/span><\/p><\/td><td><p><span style=\"font-weight: 400;\">.google.com<\/span><\/p><\/td><td><p><span style=\"font-weight: 400;\">Estas cookies generan un ID de usuario an\u00f3nimo, que es el empleado para hacer recuento de cu\u00e1ntas veces un mismo usuario visita el sitio Web, as\u00ed como cu\u00e1ndo fue la primera y la \u00faltima vez que el usuario accedi\u00f3 al mismo. Al tiempo, calcula cu\u00e1ndo se ha terminado una sesi\u00f3n, detecta el origen del usuario y palabras clave.<\/span><\/p><p><span style=\"font-weight: 400;\">Puede consultar la pol\u00edtica de privacidad del proveedor Google <\/span><a href=\"https:\/\/policies.google.com\/privacy?hl=es\"><span style=\"font-weight: 400;\">aqu\u00ed<\/span><\/a><span style=\"font-weight: 400;\">.<\/span><\/p><\/td><td><p><span style=\"font-weight: 400;\">2 a\u00f1os<\/span><\/p><\/td><\/tr><\/tbody><\/table><p><b>\u00bfC\u00f3mo puede aceptar, denegar, revocar el consentimiento o eliminar las cookies?<\/b><\/p><p><span style=\"font-weight: 400;\">En cualquier momento podr\u00e1s modificar tu consentimiento al uso de cookies. Para ello podr\u00e1s:<\/span><\/p><ul><li><span style=\"font-weight: 400;\">Gestionar los consentimientos de cookies administrando tus preferencias por medio del panel de configuraci\u00f3n que ponemos a tu disposici\u00f3n en la p\u00e1gina principal del Sitio Web (enlace \u201cConfiguraci\u00f3n de cookies\u201d permanente situado en el pie de p\u00e1gina).<\/span><\/li><li><span style=\"font-weight: 400;\">Tienes la opci\u00f3n de permitir, bloquear o eliminar las cookies instaladas en tu equipo mediante la configuraci\u00f3n de las opciones del navegador instalado en su equipo. Al desactivar cookies, algunos de los servicios disponibles podr\u00edan dejar de estar operativos. La forma de deshabilitar las cookies es diferente para cada navegador, pero normalmente puede hacerse desde el men\u00fa Herramientas u Opciones. Tambi\u00e9n puede consultarse el men\u00fa de Ayuda del navegador d\u00f3nde puedes encontrar instrucciones. El usuario podr\u00e1 en cualquier momento elegir qu\u00e9 cookies quiere que funcionen en este sitio web.<\/span><\/li><li>Puedes permitir, bloquear o eliminar las cookies instaladas en tu equipo mediante la configuraci\u00f3n de las opciones del navegador instalado en tu ordenador:<\/li><li style=\"font-weight: 400;\" aria-level=\"1\"><a href=\"http:\/\/support.google.com\/chrome\/answer\/95647?hl=es\"><span style=\"font-weight: 400;\">Google Chrome\u00a0<\/span><\/a><\/li><li style=\"font-weight: 400;\" aria-level=\"1\"><a href=\"http:\/\/support.mozilla.org\/es\/kb\/habilitar-y-deshabilitar-cookies-que-los-sitios-we\"><span style=\"font-weight: 400;\">Mozilla Firefox\u00a0<\/span><\/a><\/li><li style=\"font-weight: 400;\" aria-level=\"1\"><a href=\"http:\/\/windows.microsoft.com\/es-es\/windows-vista\/block-or-allow-cookies\"><span style=\"font-weight: 400;\">Internet Explorer\u00a0<\/span><\/a><\/li><li style=\"font-weight: 400;\" aria-level=\"1\"><a href=\"http:\/\/support.apple.com\/kb\/ph5042?viewlocale=es_es\"><span style=\"font-weight: 400;\">Safari\u00a0<\/span><\/a><\/li><li style=\"font-weight: 400;\" aria-level=\"1\"><a href=\"http:\/\/help.opera.com\/Windows\/12.10\/en\/cookies.html\"><span style=\"font-weight: 400;\">Opera\u00a0<\/span><\/a><\/li><li style=\"font-weight: 400;\" aria-level=\"1\"><a href=\"http:\/\/www.windowsphone.com\/es-es\/how-to\/wp7\/web\/changing-privacy-and-other-browser-settings\"><span style=\"font-weight: 400;\">Internet Explorer (Windows Phone)\u00a0<\/span><\/a><\/li><li style=\"font-weight: 400;\" aria-level=\"1\"><a href=\"http:\/\/support.apple.com\/kb\/ht1677?viewlocale=es_es\"><span style=\"font-weight: 400;\">Safari para IOS (iPhone y iPad)\u00a0<\/span><\/a><\/li><li style=\"font-weight: 400;\" aria-level=\"1\"><a href=\"http:\/\/support.google.com\/chrome\/answer\/2392971?hl=es\"><span style=\"font-weight: 400;\">Chrome para Android\u00a0<\/span><\/a><\/li><\/ul><p><br \/><br \/><\/p><p><b>Transferencias de datos a terceros pa\u00edses<\/b><\/p><p><span style=\"font-weight: 400;\">Puedes informarte de las transferencias a terceros pa\u00edses que, en su caso, realizan los terceros identificados en esta pol\u00edtica de cookies en sus correspondientes pol\u00edticas (ver los enlaces facilitados en el apartado \u201cCookies de terceros\u201d).<\/span><\/p><p>\u00a0<\/p><p><b>Elaboraci\u00f3n de perfiles<\/b><\/p><p><span style=\"font-weight: 400;\">No se elaborar\u00e1 un perfil de usuario basado en la monitorizaci\u00f3n de sus actividades de navegaci\u00f3n en nuestro Sitio Web. Y en consecuencia, no se tomar\u00e1n decisiones automatizadas basadas en dicha navegaci\u00f3n.<\/span><\/p><p>\u00a0<\/p><p><b>Periodo de conservaci\u00f3n de las cookies<\/b><\/p><ol><li><b>a) Cookies de sesi\u00f3n:<\/b> <span style=\"font-weight: 400;\">expiran autom\u00e1ticamente cuando el usuario termina la sesi\u00f3n y suelen emplearse para conservar informaci\u00f3n necesaria mientras se presta un servicio solicitado por el usuario en una sola ocasi\u00f3n<\/span><\/li><li><b>b) Cookies persistentes:<\/b><span style=\"font-weight: 400;\"> permanecen almacenadas en el terminal del usuario durante un periodo determinado (desde unos minutos a varios a\u00f1os).<\/span><\/li><\/ol><p><br \/><br \/><\/p><p><b>M\u00e1s informaci\u00f3n sobre tratamiento de datos<\/b><\/p><p><span style=\"font-weight: 400;\">Visite nuestra pol\u00edtica de privacidad<\/span><b>.<\/b><\/p>\t\t\t\t\t\t\t\t<\/div>\n\t\t\t\t<\/div>\n\t\t\t\t\t<\/div>\n\t\t<\/div>\n\t\t\t\t\t<\/div>\n\t\t<\/section>\n\t\t\t\t<\/div>\n\t\t","protected":false},"excerpt":{"rendered":"<p>\u00bfQu\u00e9 son las cookies?\u00a0 Este sitio web utiliza cookies y\/o tecnolog\u00edas similares que almacenan y recuperan informaci\u00f3n cuando navegas. En general, estas [&hellip;]<\/p>\n","protected":false},"author":1,"featured_media":0,"parent":0,"menu_order":0,"comment_status":"closed","ping_status":"closed","template":"","meta":{"_acf_changed":false,"_exactmetrics_skip_tracking":false,"_exactmetrics_sitenote_active":false,"_exactmetrics_sitenote_note":"","_exactmetrics_sitenote_category":0,"footnotes":""},"class_list":["post-631","page","type-page","status-publish","hentry"],"acf":[],"jetpack_sharing_enabled":true,"_links":{"self":[{"href":"http:\/\/refugiopepegarces.com\/index.php\/wp-json\/wp\/v2\/pages\/631","targetHints":{"allow":["GET"]}}],"collection":[{"href":"http:\/\/refugiopepegarces.com\/index.php\/wp-json\/wp\/v2\/pages"}],"about":[{"href":"http:\/\/refugiopepegarces.com\/index.php\/wp-json\/wp\/v2\/types\/page"}],"author":[{"embeddable":true,"href":"http:\/\/refugiopepegarces.com\/index.php\/wp-json\/wp\/v2\/users\/1"}],"replies":[{"embeddable":true,"href":"http:\/\/refugiopepegarces.com\/index.php\/wp-json\/wp\/v2\/comments?post=631"}],"version-history":[{"count":4,"href":"http:\/\/refugiopepegarces.com\/index.php\/wp-json\/wp\/v2\/pages\/631\/revisions"}],"predecessor-version":[{"id":635,"href":"http:\/\/refugiopepegarces.com\/index.php\/wp-json\/wp\/v2\/pages\/631\/revisions\/635"}],"wp:attachment":[{"href":"http:\/\/refugiopepegarces.com\/index.php\/wp-json\/wp\/v2\/media?parent=631"}],"curies":[{"name":"wp","href":"https:\/\/api.w.org\/{rel}","templated":true}]}}