{"id":626,"date":"2026-01-09T10:08:43","date_gmt":"2026-01-09T09:08:43","guid":{"rendered":"https:\/\/refugiopepegarces.com\/?page_id=626"},"modified":"2026-01-09T10:48:57","modified_gmt":"2026-01-09T09:48:57","slug":"politica-de-privacidad","status":"publish","type":"page","link":"http:\/\/refugiopepegarces.com\/index.php\/politica-de-privacidad\/","title":{"rendered":"Pol\u00edtica de privacidad"},"content":{"rendered":"<h1>Pol\u00edtica de privacidad<\/h1>\n<p>La presente <strong>Pol\u00edtica de Privacidad<\/strong> ha sido desarrollada teniendo en cuenta lo establecido en la normativa vigente en materia de protecci\u00f3n de datos: el Reglamento 2016\/679 del Parlamento Europeo y del consejo del 27 de abril de 2016 relativo a la protecci\u00f3n de las personas f\u00edsicas en lo que respecta al tratamiento de datos personales y a la circulaci\u00f3n de estos datos, (en adelante RGPD); y la Ley Org\u00e1nica 3\/2018, de 5 de diciembre, de Protecci\u00f3n de Datos Personales y garant\u00eda de los derechos digitales (en adelante LOPDGDD).<\/p>\n<p>Esta Pol\u00edtica de Privacidad tiene por objeto poner en conocimiento de los titulares de los datos personales, respecto de los cuales se est\u00e1 recabando informaci\u00f3n, los aspectos espec\u00edficos relativos al tratamiento sus datos, entre otras cosas, las finalidades de los tratamientos, los datos de contacto para ejercer los derechos que le asisten, los plazos de conservaci\u00f3n de la informaci\u00f3n y las medidas de seguridad entre otras cosas.<\/p>\n<p><strong>Responsable del Tratamiento<\/strong><\/p>\n<p>Raz\u00f3n social: DAVID CORTINA LACAMBRA (REFUGIO PEPE GARC\u00c9S, en adelante)<br \/>NIF: 17721963A<br \/>Direcci\u00f3n postal: Calle \u00danica 16. Edificio Santa Cristina &#8211; 22889 Candanch\u00fa (Huesca)<br \/>Direcci\u00f3n electr\u00f3nica: refugiopepegarces1@gmail.com<\/p>\n<p><strong>Tratamientos de datos<\/strong><\/p>\n<p>Los datos personales que se soliciten, en su caso, consistir\u00e1n \u00fanicamente en aquellos estrictamente imprescindibles para identificar y atender la solicitud realizada por el titular de los mismos, en adelante el interesado. Dicha informaci\u00f3n ser\u00e1 tratada de forma leal, l\u00edcita y transparente en relaci\u00f3n con el interesado. Por otra parte, los datos personales ser\u00e1n recogidos para finalidades determinadas expl\u00edcitas y leg\u00edtimas, no siendo tratados ulteriormente de manera incompatible con dichos fines.<\/p>\n<p>Los datos recogidos de cada interesado ser\u00e1n adecuados, pertinentes y no excesivos en relaci\u00f3n a las finalidades correspondientes para cada caso, y ser\u00e1n actualizados siempre que sea necesario.<\/p>\n<p>El titular de los datos ser\u00e1 informado, con car\u00e1cter previo a la recogida de sus datos, de los extremos generales regulados en esta pol\u00edtica a fin de que pueda prestar el consentimiento expreso, preciso e inequ\u00edvoco para el tratamiento de sus datos, si \u00e9ste fuese necesario y conforme a los siguientes aspectos.<\/p>\n<p><strong>Finalidades del tratamiento.<\/strong><\/p>\n<p>Las finalidades expl\u00edcitas para las cuales se llevan a cabo cada uno de los tratamientos vienen recogidas en las cl\u00e1usulas informativas incorporadas en cada una de las v\u00edas de toma de datos (formularios web, formularios en papel, contratos, carteles, etc.). No obstante, en general la recogida y tratamiento de los datos tiene como finalidad:<\/p>\n<ul>\n<li>El mantenimiento de la relaci\u00f3n contractual establecida entre el titular de los datos y REFUGIO PEPE GARC\u00c9S.<\/li>\n<li>La ejecuci\u00f3n, el mantenimiento y gesti\u00f3n de cualesquiera relaciones que pudieran mantener REFUGIO PEPE GARC\u00c9S y el Titular de los Datos: comerciales, administrativas, contables, laborales, de marketing, y de cualquier otra prestaci\u00f3n de servicios que fuese solicitada a REFUGIO PEPE GARC\u00c9S por el Titular de los Datos.<\/li>\n<li>Dar respuesta a las solicitudes de informaci\u00f3n y\/o contacto.<\/li>\n<li>Gesti\u00f3n de las autocandidaturas de empleo que se reciban.<\/li>\n<li>Gestionar la reserva que el interesado realice por cualquiera de los canales habilitados al efecto (mail, tel\u00e9fono o https:\/\/alberguesyrefugios.com\/pepegarces\/reservar ).<\/li>\n<li>Gestionar la estancia de los clientes y hu\u00e9spedes, as\u00ed como la prestaci\u00f3n de los servicios solicitados por ellos. Cumplimentar el parte de entrada de viajeros y confeccionar el Libro-registro de viajeros.<\/li>\n<li>Gesti\u00f3n contable, administrativa y de ventas y cobros.<\/li>\n<li>El env\u00edo de informaci\u00f3n publicitaria y promocional, relativa a los propios servicios de REFUGIO PEPE GARC\u00c9S, siempre que haya prestado su consentimiento para ello o bien exista una relaci\u00f3n comercial\/contractual previa y se refiera al env\u00edo de comunicaciones comerciales referentes a productos o servicios similares a los que inicialmente fueron objeto de contrataci\u00f3n con el cliente (art\u00edculo 21.2 de la Ley 34\/2002, de 11 de julio, de Servicios de la Sociedad de la Informaci\u00f3n y Comercio Electr\u00f3nico).<\/li>\n<\/ul>\n<p>En ning\u00fan caso ser\u00e1n utilizados para otras finalidades distintas de aqu\u00e9llas para las que han sido recabados.<\/p>\n<p><strong>Legitimaci\u00f3n<\/strong><\/p>\n<p>Por regla general, previo al tratamiento de los datos personales, REFUGIO PEPE GARC\u00c9S obtiene consentimiento inequ\u00edvoco del titular de los mismos, mediante la incorporaci\u00f3n de cl\u00e1usulas de consentimiento informado en los diferentes sistemas de recogida de informaci\u00f3n.<\/p>\n<p>No obstante, en caso de que no se requiera el consentimiento del interesado, la base legitimadora del tratamiento en la cual se ampara REFUGIO PEPE GARC\u00c9S es la ejecuci\u00f3n de la relaci\u00f3n contractual establecida, nuestro inter\u00e9s leg\u00edtimo en el desarrollo del negocio, en el caso de la promoci\u00f3n y prospecci\u00f3n comerciales o el cumplimiento de una ley que autorice o exija el tratamiento de los datos del interesado.<\/p>\n<p>Si se ha solicitado su consentimiento para alguno de los tratamientos que vamos a llevar a cabo (como puede ser el env\u00edo de informaci\u00f3n sobre productos y servicios) le informamos que puede retirarlo en cualquier momento.<br \/>Destinatarios Como regla general, REFUGIO PEPE GARC\u00c9S no informar\u00e1 sobre sus datos personales a ning\u00fan tercero, salvo en los siguientes casos:<br \/>\uf0b7 Comunicaci\u00f3n de registro de viajeros a Guardia Civil, en virtud de lo establecido en el Real Decreto 933\/2021, de 26 de octubre, por el que se establecen las obligaciones de registro documental e informaci\u00f3n de las personas f\u00edsicas o jur\u00eddicas que ejercen actividades de hospedaje.<br \/>\uf0b7 Comunicaciones que nos vengan impuestas legalmente.<br \/>\uf0b7 Si el titular de los datos ha otorgado su consentimiento a estos efectos.<br \/>\uf0b7 En los casos de entidades con los que mantengamos relaci\u00f3n y en virtud de<br \/>contratos de encargados del tratamiento celebrados con las mismas.<\/p>\n<p><strong>Transferencias internacionales de datos<\/strong><\/p>\n<p>No est\u00e1 prevista la realizaci\u00f3n de transferencias internacionales de datos.<\/p>\n<p><strong>Plazos de conservaci\u00f3n<\/strong><\/p>\n<p>La informaci\u00f3n recabada del interesado ser\u00e1 conservada mientras sea necesaria para cumplir con la finalidad para la cual fueron recabados los datos personales, de forma que, una vez cumplida la finalidad los datos ser\u00e1n cancelados. Dicha cancelaci\u00f3n dar\u00e1 lugar al bloqueo de los datos conserv\u00e1ndose \u00fanicamente a disposici\u00f3n de las AAPP, Jueces y Tribunales, para atender las posibles responsabilidades nacidas del tratamiento, durante el plazo de prescripci\u00f3n de \u00e9stas, cumplido el citado plazo se proceder\u00e1 a la destrucci\u00f3n de la informaci\u00f3n.<\/p>\n<p>A t\u00edtulo informativo, a continuaci\u00f3n se recogen los plazos legales de conservaci\u00f3n de la informaci\u00f3n en relaci\u00f3n a diferentes materias:<\/p>\n<table>\n<tbody>\n<tr>\n<td>\n<p>DOCUMENTO<\/p>\n<\/td>\n<td>\n<p>PLAZO<\/p>\n<\/td>\n<td>\n<p>REF.\u00a0 LEGAL<\/p>\n<\/td>\n<\/tr>\n<tr>\n<td>\n<p>Documentaci\u00f3n contable y fiscal a efectos mercantiles<\/p>\n<\/td>\n<td>\n<p>6 a\u00f1os<\/p>\n<\/td>\n<td>\n<p>Art. 30 C\u00f3digo Comercio<\/p>\n<\/td>\n<\/tr>\n<tr>\n<td>\n<p>Documentaci\u00f3n contable y fiscal a efectos fiscales<\/p>\n<\/td>\n<td>\n<p>4 a\u00f1os<\/p>\n<\/td>\n<td>\n<p>Art\u00edculos 66 a 70 Ley General Tributaria<\/p>\n<\/td>\n<\/tr>\n<tr>\n<td>\n<p>Documentaci\u00f3n de car\u00e1cter laboral o relacionada con la seguridad social<\/p>\n<\/td>\n<td>\n<p>4 a\u00f1os<\/p>\n<\/td>\n<td>\n<p>Art\u00edculo 21 del Real Decreto Legislativo 5\/2000, de 4 de agosto, por el que se aprueba el texto refundido de la Ley sobre Infracciones y Sanciones en el Orden Social<\/p>\n<\/td>\n<\/tr>\n<tr>\n<td>\n<p>Datos para el env\u00edo de informaci\u00f3n sobre productos y servicios<\/p>\n<\/td>\n<td>\n<p>Mientras el interesado no solicite su supresi\u00f3n<\/p>\n<\/td>\n<td>\n<p>No aplicable<\/p>\n<\/td>\n<\/tr>\n<tr>\n<td>\n<p>Datos de personas de contacto<\/p>\n<\/td>\n<td>\n<p>Mientras el interesado no solicite su supresi\u00f3n<\/p>\n<\/td>\n<td>\n<p>No aplicable<\/p>\n<\/td>\n<\/tr>\n<tr>\n<td>\n<p>Datos de CV (candidatos)<\/p>\n<\/td>\n<td>\n<p>2 a\u00f1os<\/p>\n<\/td>\n<td>\n<p>No aplicable<\/p>\n<\/td>\n<\/tr>\n<tr>\n<td>\n<p>Registro viajeros<\/p>\n<\/td>\n<td>\n<p>Tres a\u00f1os<\/p>\n<\/td>\n<td>\n<p>Art\u00edculo 5.3 del Real Decreto 933\/2021, de 26 de octubre, por el que se establecen las obligaciones de registro documental e informaci\u00f3n de las personas f\u00edsicas o jur\u00eddicas que ejercen actividades de hospedaje y alquiler de veh\u00edculos a motor.<\/p>\n<\/td>\n<\/tr>\n<\/tbody>\n<\/table>\n<p><b>Datos de navegaci\u00f3n.<\/b><\/p>\n<p>En relaci\u00f3n a los datos de navegaci\u00f3n que se puedan tratar a trav\u00e9s del sitio web, en caso de que se recojan datos sometidos a la normativa, se recomienda consultar la <a href=\"https:\/\/refugiopepegarces.com\/index.php\/politica-de-cookies\/\">Pol\u00edtica de Cookies<\/a> publicada en nuestro sitio web.<\/p>\n<p><b>Derechos de los interesados.<\/b><\/p>\n<p>Cualquier persona tiene derecho a obtener confirmaci\u00f3n sobre si REFUGIO PEPE GARC\u00c9S est\u00e1 tratando datos personales que les conciernan, o no.<\/p>\n<p>Las personas interesadas tienen derecho a acceder a sus datos personales, as\u00ed como a solicitar la rectificaci\u00f3n de los datos inexactos o, en su caso, solicitar su supresi\u00f3n cuando, entre otros motivos, los datos ya no sean necesarios para los fines que fueron recogidos.<\/p>\n<p>En determinadas circunstancias, los interesados podr\u00e1n solicitar la limitaci\u00f3n del tratamiento de sus datos, en cuyo caso \u00fanicamente los conservaremos para el ejercicio o la defensa de reclamaciones.<\/p>\n<p>En determinadas circunstancias y por motivos relacionados con su situaci\u00f3n particular, los interesados podr\u00e1n oponerse al tratamiento de sus datos. En este caso, REFUGIO PEPE GARC\u00c9S dejar\u00e1 de tratar los datos, salvo por motivos leg\u00edtimos imperiosos, o el ejercicio o la defensa de posibles reclamaciones.<\/p>\n<p>Los interesados podr\u00e1n ejercitar los derechos indicados, dirigi\u00e9ndose a REFUGIO PEPE GARC\u00c9S, mediante escrito remitido a la siguiente direcci\u00f3n: Calle \u00danica 16. Edificio Santa Cristina &#8211; 22889 Candanch\u00fa (Huesca), o a la direcci\u00f3n de correo electr\u00f3nico refugiopepegarces1@gmail.com, adjuntando en todo caso, fotocopia del D.N.I o documento equivalente v\u00e1lido en derecho que permita acreditar su identidad.<\/p>\n<p>Igualmente tiene la posibilidad de presentar una reclamaci\u00f3n ante la Agencia Espa\u00f1ola de Protecci\u00f3n de Datos (aepd.es) en el caso de que considere que el tratamiento de sus datos no est\u00e1 siendo adecuado.<\/p>\n","protected":false},"excerpt":{"rendered":"<p>Pol\u00edtica de privacidad La presente Pol\u00edtica de Privacidad ha sido desarrollada teniendo en cuenta lo establecido en la normativa vigente en materia [&hellip;]<\/p>\n","protected":false},"author":1,"featured_media":0,"parent":0,"menu_order":0,"comment_status":"closed","ping_status":"closed","template":"","meta":{"_acf_changed":false,"_exactmetrics_skip_tracking":false,"_exactmetrics_sitenote_active":false,"_exactmetrics_sitenote_note":"","_exactmetrics_sitenote_category":0,"footnotes":""},"class_list":["post-626","page","type-page","status-publish","hentry"],"acf":[],"jetpack_sharing_enabled":true,"_links":{"self":[{"href":"http:\/\/refugiopepegarces.com\/index.php\/wp-json\/wp\/v2\/pages\/626","targetHints":{"allow":["GET"]}}],"collection":[{"href":"http:\/\/refugiopepegarces.com\/index.php\/wp-json\/wp\/v2\/pages"}],"about":[{"href":"http:\/\/refugiopepegarces.com\/index.php\/wp-json\/wp\/v2\/types\/page"}],"author":[{"embeddable":true,"href":"http:\/\/refugiopepegarces.com\/index.php\/wp-json\/wp\/v2\/users\/1"}],"replies":[{"embeddable":true,"href":"http:\/\/refugiopepegarces.com\/index.php\/wp-json\/wp\/v2\/comments?post=626"}],"version-history":[{"count":7,"href":"http:\/\/refugiopepegarces.com\/index.php\/wp-json\/wp\/v2\/pages\/626\/revisions"}],"predecessor-version":[{"id":648,"href":"http:\/\/refugiopepegarces.com\/index.php\/wp-json\/wp\/v2\/pages\/626\/revisions\/648"}],"wp:attachment":[{"href":"http:\/\/refugiopepegarces.com\/index.php\/wp-json\/wp\/v2\/media?parent=626"}],"curies":[{"name":"wp","href":"https:\/\/api.w.org\/{rel}","templated":true}]}}