{"id":622,"date":"2026-01-09T09:51:50","date_gmt":"2026-01-09T08:51:50","guid":{"rendered":"https:\/\/refugiopepegarces.com\/?page_id=622"},"modified":"2026-01-09T10:46:02","modified_gmt":"2026-01-09T09:46:02","slug":"aviso-legal-y-condiciones-de-uso-de-la-web","status":"publish","type":"page","link":"http:\/\/refugiopepegarces.com\/index.php\/aviso-legal-y-condiciones-de-uso-de-la-web\/","title":{"rendered":"AVISO LEGAL y CONDICIONES DE USO DE LA WEB"},"content":{"rendered":"<p>AVISO LEGAL y CONDICIONES DE USO DE LA WEB<\/p>\n<p>La utilizaci\u00f3n de este portal est\u00e1 sujeta a las siguientes condiciones de uso que rogamos lea atentamente.<\/p>\n<p>1. TITULARIDAD DE LA WEB<br \/>Nombre de dominio: https:\/\/refugiopepegarces.com\/<br \/>Titular: DAVID CORTINA LACAMBRA (REFUGIO\u00a0PEPE GARC\u00c9S)<br \/>Direcci\u00f3n: Calle \u00danica 16. Edificio Santa Cristina<br \/>22889 Candanch\u00fa (Huesca)<br \/>CIF: 17721963A<br \/>e-Mail: refugiopepegarces1@gmail.com<\/p>\n<p>2. OBJETO<br \/>El prestador, responsable\/titular del sitio web (REFUGIO PEPE GARC\u00c9S, en adelante), pone a disposici\u00f3n de los usuarios el presente documento con el que pretende dar cumplimiento a las obligaciones dispuestas en la Ley 34\/2002, de Servicios de la Sociedad de la Informaci\u00f3n y del Comercio Electr\u00f3nico (LSSICE), as\u00ed como informar a todos los usuarios del sitio web respecto a cu\u00e1les son las condiciones de uso del sitio<br \/>web.<br \/>Toda persona que acceda a este sitio web asume el papel de USUARIO,<br \/>comprometi\u00e9ndose a la observancia y cumplimiento riguroso de las disposiciones aqu\u00ed dispuestas, as\u00ed como a cualquier otra disposici\u00f3n legal que fuera de aplicaci\u00f3n.<\/p>\n<p>3. RESPONSABILIDAD<br \/>El prestador se exime de cualquier tipo de responsabilidad derivada de la informaci\u00f3n publicada en su sitio web, siempre que esta informaci\u00f3n haya sido manipulada o introducida por un tercero ajeno al mismo.<\/p>\n<p>El servicio de acceso al Portal incluye enlaces o links que pueden conducir al usuario a otros sitios y p\u00e1ginas web gestionadas por terceros, sobre las que REFUGIO PEPE GARC\u00c9S no ejerce ning\u00fan tipo de control. En estos casos, REFUGIO PEPE GARC\u00c9S act\u00faa como prestador de servicios de intermediaci\u00f3n de conformidad con lo dispuesto en el art\u00edculo 17 de la LSSICE.<br \/>REFUGIO PEPE GARC\u00c9S no responde ni de los contenidos ni del estado de dichos sitios y p\u00e1ginas web.<br \/>El prestador no se hace responsable de la informaci\u00f3n y contenidos almacenados, a t\u00edtulo enunciativo pero no limitativo, en foros, chat\u00b4s, generadores de blogs, comentarios, redes sociales o cualquier otro medio que permita a terceros publicar contenidos de forma independiente en la p\u00e1gina web del prestador. No obstante y en cumplimiento de lo dispuesto en el art. 11 y 16 de la LSSICE, el prestador se pone a<br \/>disposici\u00f3n de todos los usuarios, autoridades y fuerzas de seguridad, y colaborando de forma activa en la retirada o en su caso bloqueo de todos aquellos contenidos que pudieran afectar o contravenir la legislaci\u00f3n nacional, o internacional, derechos de terceros o la moral y el orden p\u00fablico.<\/p>\n<p>4. DERECHOS DE PROPIEDAD INDUSTRIAL E INTELECTUAL<br \/>El Usuario reconoce y acepta que todos los derechos de propiedad industrial e intelectual sobre los contenidos y cualesquiera otros elementos insertados en el Sitio Web pertenecen a David Cortina Lacambra. La totalidad del contenido del sitio web, incluyendo a t\u00edtulo enunciativo pero no limitativo su programaci\u00f3n, edici\u00f3n, compilaci\u00f3n y dem\u00e1s elementos necesarios para su funcionamiento, los dise\u00f1os, logotipos, texto y\/o gr\u00e1ficos, im\u00e1genes, material gr\u00e1fico o art\u00edstico presente en la web, son propiedad del prestador o en su caso<br \/>dispone de licencia o autorizaci\u00f3n expresa por parte de los autores. Todos los contenidos del sitio web est\u00e1n protegidos por derechos de propiedad industrial e intelectual, inscritos en los correspondientes registros p\u00fablicos bajo la titularidad de David Cortina Lacambra o de terceros, sin que puedan entenderse cedidos al Usuario ninguno de los derechos de explotaci\u00f3n sobre los mismos m\u00e1s all\u00e1 de lo estrictamente necesario para el correcto uso del Portal.<br \/>En particular, queda prohibida, excepto para uso privado,\u00a0 la reproducci\u00f3n, la transformaci\u00f3n, comunicaci\u00f3n y en general cualquier otra forma de explotaci\u00f3n, por cualquier procedimiento, de todo o parte de los contenidos del sitio web, as\u00ed como el establecimiento de enlaces en webs externas a la p\u00e1gina principal (https:\/\/refugiopepegarces.com\/) o cualquiera de sus p\u00e1ginas.<\/p>\n<p>Estos actos s\u00f3lo podr\u00e1n ser realizados mediante autorizaci\u00f3n previa y por escrito del titular de la web en los t\u00e9rminos y condiciones que estipule. Para solicitar dicha autorizaci\u00f3n dir\u00edjase a cualquier de las direcciones establecidas en el apartado uno de este aviso legal (Titularidad de la web).<br \/>No obstante, y una vez dada la autorizaci\u00f3n para el establecimiento de enlaces, se proh\u00edben expresamente que \u00e9stos impliquen el visionado de la p\u00e1gina enlazada en el navegador por medio de marcos o frames. Cuando los enlaces se establezcan a cualquier p\u00e1gina distinta de la p\u00e1gina principal del sitio, deber\u00e1 indicarse de forma expresa en el texto del enlace o de cualquier otra forma, tanto el nombre del sitio enlazado (https:\/\/refugiopepegarces.com\/) como el hecho de que se trata de un enlace a un portal ajeno a la web que incluye el enlace.<\/p>\n<p>5. PROTECCI\u00d3N DE DATOS<br \/>REFUGIO PEPE GARC\u00c9S considera como objetivo b\u00e1sico garantizar la privacidad y confidencialidad de los datos personales de sus Usuarios recabados a trav\u00e9s de cualquier sistema que permita la transmisi\u00f3n de datos y manifiesta su compromiso de cumplimiento con la normativa establecida en el Reglamento General de Protecci\u00f3n de Datos (Reglamento (UE) 2016\/679 del Parlamento Europeo y del Consejo, de 27 de abril de 2016, relativo a la protecci\u00f3n de las personas f\u00edsicas en lo que respecta al tratamiento de datos personales y a la libre circulaci\u00f3n de estos datos y por el que se deroga la Directiva 95\/46\/CE), tom\u00e1ndose las medidas de seguridad necesarias para garantizar la confidencialidad, integridad, disponibilidad y evitar su alteraci\u00f3n, p\u00e9rdida, tratamiento o acceso no autorizado por parte de terceros.<br \/>Se contempla un apartado espec\u00edfico sobre Protecci\u00f3n de Datos Personales y las relaciones correspondientes entre el Usuario\/Cliente y REFUGIO PEPE GARC\u00c9S (<a href=\"https:\/\/refugiopepegarces.com\/index.php\/politica-de-privacidad\/\">Pol\u00edtica de Privacidad<\/a>).<\/p>\n<p>6. LEY APLICABLE Y JURISDICCI\u00d3N<br \/>Para la resoluci\u00f3n de todas las controversias o cuestiones relacionadas con el presente sitio web o de las actividades en \u00e9l desarrolladas, ser\u00e1 de aplicaci\u00f3n la legislaci\u00f3n espa\u00f1ola, a la que se someten expresamente las partes, siendo competentes para la resoluci\u00f3n de todos los conflictos derivados o relacionados con su uso los Juzgados y Tribunales de Huesca.\u00a0<\/p>\n","protected":false},"excerpt":{"rendered":"<p>AVISO LEGAL y CONDICIONES DE USO DE LA WEB La utilizaci\u00f3n de este portal est\u00e1 sujeta a las siguientes condiciones de uso [&hellip;]<\/p>\n","protected":false},"author":1,"featured_media":0,"parent":0,"menu_order":0,"comment_status":"closed","ping_status":"closed","template":"","meta":{"_acf_changed":false,"_exactmetrics_skip_tracking":false,"_exactmetrics_sitenote_active":false,"_exactmetrics_sitenote_note":"","_exactmetrics_sitenote_category":0,"footnotes":""},"class_list":["post-622","page","type-page","status-publish","hentry"],"acf":[],"jetpack_sharing_enabled":true,"_links":{"self":[{"href":"http:\/\/refugiopepegarces.com\/index.php\/wp-json\/wp\/v2\/pages\/622","targetHints":{"allow":["GET"]}}],"collection":[{"href":"http:\/\/refugiopepegarces.com\/index.php\/wp-json\/wp\/v2\/pages"}],"about":[{"href":"http:\/\/refugiopepegarces.com\/index.php\/wp-json\/wp\/v2\/types\/page"}],"author":[{"embeddable":true,"href":"http:\/\/refugiopepegarces.com\/index.php\/wp-json\/wp\/v2\/users\/1"}],"replies":[{"embeddable":true,"href":"http:\/\/refugiopepegarces.com\/index.php\/wp-json\/wp\/v2\/comments?post=622"}],"version-history":[{"count":6,"href":"http:\/\/refugiopepegarces.com\/index.php\/wp-json\/wp\/v2\/pages\/622\/revisions"}],"predecessor-version":[{"id":645,"href":"http:\/\/refugiopepegarces.com\/index.php\/wp-json\/wp\/v2\/pages\/622\/revisions\/645"}],"wp:attachment":[{"href":"http:\/\/refugiopepegarces.com\/index.php\/wp-json\/wp\/v2\/media?parent=622"}],"curies":[{"name":"wp","href":"https:\/\/api.w.org\/{rel}","templated":true}]}}